{"id":550,"date":"2015-02-20T16:10:17","date_gmt":"2015-02-20T22:10:17","guid":{"rendered":"http:\/\/telmendez.com\/wordpress\/?page_id=550"},"modified":"2020-10-03T11:32:54","modified_gmt":"2020-10-03T17:32:54","slug":"bienvenida","status":"publish","type":"page","link":"https:\/\/telmendez.com\/","title":{"rendered":"Bienvenida"},"content":{"rendered":"<h1><span style=\"font-size: 13px;\">Bienvenido a la p\u00e1gina de Jos\u00e9 Garc\u00eda M\u00e9ndez.\u00a0<\/span><\/h1>\n<p>Aqu\u00ed encontrar\u00e1s algunas de mis investigaciones acerca de la historia del\u00a0<span style=\"color: #008000;\"><br \/>\n<i>Sindicato de Telefonistas de la Rep\u00fablica Mexicana<\/i><\/span>.<\/p>\n<p><iframe loading=\"lazy\" src=\"https:\/\/player.vimeo.com\/video\/97155152\" width=\"640\" height=\"480\" frameborder=\"0\" allowfullscreen=\"allowfullscreen\"><\/iframe><\/p>\n","protected":false},"excerpt":{"rendered":"<p>Bienvenido a la p\u00e1gina de Jos\u00e9 Garc\u00eda M\u00e9ndez.\u00a0 Aqu\u00ed encontrar\u00e1s algunas de mis investigaciones acerca de la historia del\u00a0 Sindicato de Telefonistas de la Rep\u00fablica Mexicana.<\/p>\n","protected":false},"author":1,"featured_media":0,"parent":0,"menu_order":0,"comment_status":"closed","ping_status":"closed","template":"","meta":{"footnotes":""},"class_list":["post-550","page","type-page","status-publish","hentry"],"_links":{"self":[{"href":"https:\/\/telmendez.com\/index.php?rest_route=\/wp\/v2\/pages\/550","targetHints":{"allow":["GET"]}}],"collection":[{"href":"https:\/\/telmendez.com\/index.php?rest_route=\/wp\/v2\/pages"}],"about":[{"href":"https:\/\/telmendez.com\/index.php?rest_route=\/wp\/v2\/types\/page"}],"author":[{"embeddable":true,"href":"https:\/\/telmendez.com\/index.php?rest_route=\/wp\/v2\/users\/1"}],"replies":[{"embeddable":true,"href":"https:\/\/telmendez.com\/index.php?rest_route=%2Fwp%2Fv2%2Fcomments&post=550"}],"version-history":[{"count":1,"href":"https:\/\/telmendez.com\/index.php?rest_route=\/wp\/v2\/pages\/550\/revisions"}],"predecessor-version":[{"id":675,"href":"https:\/\/telmendez.com\/index.php?rest_route=\/wp\/v2\/pages\/550\/revisions\/675"}],"wp:attachment":[{"href":"https:\/\/telmendez.com\/index.php?rest_route=%2Fwp%2Fv2%2Fmedia&parent=550"}],"curies":[{"name":"wp","href":"https:\/\/api.w.org\/{rel}","templated":true}]}}